
{"id":19,"date":"2022-11-01T11:09:32","date_gmt":"2022-11-01T10:09:32","guid":{"rendered":"https:\/\/www.mist5.de\/mist5wp\/?page_id=19"},"modified":"2022-11-20T19:54:27","modified_gmt":"2022-11-20T18:54:27","slug":"ueber-uns","status":"publish","type":"page","link":"https:\/\/www.mist5.de\/mist5wp\/ueber-uns\/","title":{"rendered":"\u00dcber uns"},"content":{"rendered":"\n<h3 class=\"wp-block-heading\">Unsere Gruppe setzt sich in unterschiedlicher Teilnehmerzahl zusammen. Alles Fans eines gemeinsamen Hobbys: Bauen und Betreiben von Modelleisenbahnen.<\/h3>\n\n\n\n<p>Lokomotiven, Waggons oder die Umsetzung einer Wirklichkeitsszene sind die Leidenschaften, die uns zusam\u00admen\u00adbringt. Im Rahmen unse\u00adrer Treffen kom\u00admen Neuigkeiten oder Anregungen zur Sprache. <br>Aber gleich vor\u00adweg: Wir sind kein Verein!<\/p>\n\n\n<div class=\"wp-block-image\">\n<figure class=\"aligncenter size-large\"><a href=\"https:\/\/www.mist5.de\/mist5wp\/wp-content\/uploads\/IMG_1196-1-scaled.jpg\"><img loading=\"lazy\" decoding=\"async\" width=\"1024\" height=\"768\" src=\"https:\/\/www.mist5.de\/mist5wp\/wp-content\/uploads\/IMG_1196-1-1024x768.jpg\" alt class=\"wp-image-577\" srcset=\"https:\/\/www.mist5.de\/mist5wp\/wp-content\/uploads\/IMG_1196-1-1024x768.jpg 1024w, https:\/\/www.mist5.de\/mist5wp\/wp-content\/uploads\/IMG_1196-1-300x225.jpg 300w, https:\/\/www.mist5.de\/mist5wp\/wp-content\/uploads\/IMG_1196-1-768x576.jpg 768w, https:\/\/www.mist5.de\/mist5wp\/wp-content\/uploads\/IMG_1196-1-1536x1152.jpg 1536w, https:\/\/www.mist5.de\/mist5wp\/wp-content\/uploads\/IMG_1196-1-2048x1536.jpg 2048w\" sizes=\"auto, (max-width: 1024px) 100vw, 1024px\"><\/a><figcaption class=\"wp-element-caption\">Landschaftsmodell mit Fahrzeugen und Eisenbahnen<\/figcaption><\/figure>\n<\/div>\n\n\n<p>Bei jeder regel\u00adm\u00e4\u00ad\u00dfig statt\u00adfin\u00adden\u00adden Zusammenkunft gibt es einen regen Erfahrungsaustausch. Der sorgt u. a. f\u00fcr einen gro\u00ad\u00dfen Wissens\u00fcbertrag. In locke\u00adrer Runde bespre\u00adchen wir vie\u00adle Details und tech\u00adni\u00adsche Besonderheiten, die Modellbahnen mit sich brin\u00adgen und uns besch\u00e4f\u00adti\u00adgen. Begeisterte Menschen jeden Alters, die sich weni\u00adger im Internet, daf\u00fcr aber im rich\u00adti\u00adgen Leben treffen.<\/p>\n\n\n<div class=\"wp-block-image\">\n<figure class=\"aligncenter size-large\"><a href=\"https:\/\/www.mist5.de\/mist5wp\/wp-content\/uploads\/IMG_1192-1-scaled.jpg\"><img loading=\"lazy\" decoding=\"async\" width=\"1024\" height=\"768\" src=\"https:\/\/www.mist5.de\/mist5wp\/wp-content\/uploads\/IMG_1192-1-1024x768.jpg\" alt class=\"wp-image-578\" srcset=\"https:\/\/www.mist5.de\/mist5wp\/wp-content\/uploads\/IMG_1192-1-1024x768.jpg 1024w, https:\/\/www.mist5.de\/mist5wp\/wp-content\/uploads\/IMG_1192-1-300x225.jpg 300w, https:\/\/www.mist5.de\/mist5wp\/wp-content\/uploads\/IMG_1192-1-768x576.jpg 768w, https:\/\/www.mist5.de\/mist5wp\/wp-content\/uploads\/IMG_1192-1-1536x1152.jpg 1536w, https:\/\/www.mist5.de\/mist5wp\/wp-content\/uploads\/IMG_1192-1-2048x1536.jpg 2048w\" sizes=\"auto, (max-width: 1024px) 100vw, 1024px\"><\/a><figcaption class=\"wp-element-caption\">Landschaft mit Eisenbahnbr\u00fccken<\/figcaption><\/figure>\n<\/div>\n\n\n<p>Man kann durch\u00adaus sagen, dass MIST5 aus einer \u201cModellbahn-Diskussionsrunde\u201d ent\u00adstan\u00adden ist. In ande\u00adren Regionen Deutschlands hat\u00adten sich bereits Insider-Stammtische gebil\u00addet. Was lag also n\u00e4her, als in unse\u00adrer Region (Bedburg) eben\u00adfalls sol\u00adche Treffen zu eta\u00adblie\u00adren. Mit unse\u00adrem Online-Auftritt fas\u00adsen wir eini\u00adge Informationen \u00fcber das Wirken unse\u00adrer klei\u00adnen, aber fei\u00adnen Clique zusam\u00admen. Au\u00dferdem berich\u00adten wir online - je nach Gelegenheit und Ressourcen - in fest\u00adge\u00adleg\u00adten Zeitabst\u00e4nden \u00fcber wei\u00adte\u00adre Themen des Modellbaus (<a href=\"https:\/\/www.mist5.de\/mist5wp\/news\/\" data-type=\"page\" data-id=\"197\">sie\u00adhe Aktuelles<\/a>). Stets nat\u00fcr\u00adlich mit dem Bezug zum Hauptpunkt: Der Modelleisenbahn.<\/p>\n\n\n<div class=\"wp-block-image\">\n<figure class=\"aligncenter size-large\"><a href=\"https:\/\/www.mist5.de\/mist5wp\/wp-content\/uploads\/IMG_4750-1-scaled.jpg\"><img loading=\"lazy\" decoding=\"async\" width=\"768\" height=\"1024\" src=\"https:\/\/www.mist5.de\/mist5wp\/wp-content\/uploads\/IMG_4750-1-768x1024.jpg\" alt class=\"wp-image-580\" srcset=\"https:\/\/www.mist5.de\/mist5wp\/wp-content\/uploads\/IMG_4750-1-768x1024.jpg 768w, https:\/\/www.mist5.de\/mist5wp\/wp-content\/uploads\/IMG_4750-1-225x300.jpg 225w, https:\/\/www.mist5.de\/mist5wp\/wp-content\/uploads\/IMG_4750-1-1152x1536.jpg 1152w, https:\/\/www.mist5.de\/mist5wp\/wp-content\/uploads\/IMG_4750-1-1536x2048.jpg 1536w, https:\/\/www.mist5.de\/mist5wp\/wp-content\/uploads\/IMG_4750-1-scaled.jpg 1920w\" sizes=\"auto, (max-width: 768px) 100vw, 768px\"><\/a><figcaption class=\"wp-element-caption\">Basis-Konstruktion einer Modellanlage<\/figcaption><\/figure>\n<\/div>\n\n\n<div style=\"height:31px\" aria-hidden=\"true\" class=\"wp-block-spacer\"><\/div>\n\n\n\n<h4 class=\"wp-block-heading\"><strong>Wer darf mitmachen?<\/strong><\/h4>\n\n\n\n<p>Nach unse\u00adrer Auffassung jeder, der eben\u00adfalls Spa\u00df an Modellbahnen hat. Wir sind \u00fcbri\u00adgens nicht an Marken gebun\u00adden und sehen uns ger\u00adne alles, was einen Modelleisenbahn-Bezug hat, an. In der Hauptsache bewe\u00adgen wir bei uns aber M\u00e4rklin Produkte.<\/p>\n\n\n\n<h4 class=\"wp-block-heading\"><strong>Was soll ich mitbringen?<\/strong><\/h4>\n\n\n\n<p>Vor allem gute Laune! Was Schienen, Z\u00fcge und ande\u00adre Dinge einer Modellanlage angeht, soll\u00adten wir uns viel\u00adleicht vor\u00adher abstim\u00admen. So ver\u00admei\u00adden wir dop\u00adpel\u00adte Teile und es bleibt sp\u00e4\u00adter nichts \u00dcberfl\u00fcssiges zur\u00fcck.<\/p>\n\n\n\n<h4 class=\"wp-block-heading\"><strong>Was kostet das?<\/strong><\/h4>\n\n\n\n<p>Nat\u00fcrlich nix, denn es gibt kei\u00adnen Beitrag! Allerdings sind die Kosten f\u00fcr An-\/Abreise, ggf. \u00dcbernachtung und Verpflegung von den Teilnehmenden selbst zu \u00fcber\u00adneh\u00admen. Es wird ab und an aber um eine Spende gebe\u00adten, um die\u00adse Web-Seite zu finanzieren.<\/p>\n","protected":false},"excerpt":{"rendered":"<p>Unsere Gruppe setzt sich in unter\u00adschied\u00adli\u00adcher Teilnehmerzahl zusam\u00admen. Alles Fans eines gemein\u00adsa\u00admen Hobbys: Bauen und Betreiben von Modelleisenbahnen. Lokomotiven, Waggons oder die Umsetzung einer Wirklichkeitsszene sind die Leidenschaften, die uns \u2026 <a title=\"\u00dcber uns\" class=\"read-more\" href=\"https:\/\/www.mist5.de\/mist5wp\/ueber-uns\/\" aria-label=\"Mehr Informationen \u00fcber \u00dcber uns\">Weiterlesen<\/a><\/p>\n","protected":false},"author":6,"featured_media":0,"parent":0,"menu_order":0,"comment_status":"closed","ping_status":"closed","template":"","meta":{"wp_typography_post_enhancements_disabled":false,"_EventAllDay":false,"_EventTimezone":"","_EventStartDate":"","_EventEndDate":"","_EventStartDateUTC":"","_EventEndDateUTC":"","_EventShowMap":false,"_EventShowMapLink":false,"_EventURL":"","_EventCost":"","_EventCostDescription":"","_EventCurrencySymbol":"","_EventCurrencyCode":"","_EventCurrencyPosition":"","_EventDateTimeSeparator":"","_EventTimeRangeSeparator":"","_EventOrganizerID":[],"_EventVenueID":[],"_OrganizerEmail":"","_OrganizerPhone":"","_OrganizerWebsite":"","_VenueAddress":"","_VenueCity":"","_VenueCountry":"","_VenueProvince":"","_VenueState":"","_VenueZip":"","_VenuePhone":"","_VenueURL":"","_VenueStateProvince":"","_VenueLat":"","_VenueLng":"","_VenueShowMap":false,"_VenueShowMapLink":false,"footnotes":""},"class_list":["post-19","page","type-page","status-publish"],"_links":{"self":[{"href":"https:\/\/www.mist5.de\/mist5wp\/wp-json\/wp\/v2\/pages\/19","targetHints":{"allow":["GET"]}}],"collection":[{"href":"https:\/\/www.mist5.de\/mist5wp\/wp-json\/wp\/v2\/pages"}],"about":[{"href":"https:\/\/www.mist5.de\/mist5wp\/wp-json\/wp\/v2\/types\/page"}],"author":[{"embeddable":true,"href":"https:\/\/www.mist5.de\/mist5wp\/wp-json\/wp\/v2\/users\/6"}],"replies":[{"embeddable":true,"href":"https:\/\/www.mist5.de\/mist5wp\/wp-json\/wp\/v2\/comments?post=19"}],"version-history":[{"count":3,"href":"https:\/\/www.mist5.de\/mist5wp\/wp-json\/wp\/v2\/pages\/19\/revisions"}],"predecessor-version":[{"id":593,"href":"https:\/\/www.mist5.de\/mist5wp\/wp-json\/wp\/v2\/pages\/19\/revisions\/593"}],"wp:attachment":[{"href":"https:\/\/www.mist5.de\/mist5wp\/wp-json\/wp\/v2\/media?parent=19"}],"curies":[{"name":"wp","href":"https:\/\/api.w.org\/{rel}","templated":true}]}}