
{"id":313,"date":"2022-11-10T10:11:42","date_gmt":"2022-11-10T09:11:42","guid":{"rendered":"https:\/\/www.mist5.de\/mist5wp\/?page_id=313"},"modified":"2022-11-12T08:21:37","modified_gmt":"2022-11-12T07:21:37","slug":"intern","status":"publish","type":"page","link":"https:\/\/www.mist5.de\/mist5wp\/intern\/","title":{"rendered":"Intern"},"content":{"rendered":"\n<p>F\u00fcr den Zugriff auf den inter\u00adnen MIST5-Bereich bit\u00adte anmelden.<\/p>\n\n\n<div class=\"swpm-login-widget-form\">\n    <form id=\"swpm-login-form\" name=\"swpm-login-form\" method=\"post\" action>\n        <input type=\"hidden\" name=\"swpm_login_origination_flag\" value=\"1\">\n        <div class=\"swpm-login-form-inner\">\n            <div class=\"swpm-username-label\">\n                <label for=\"swpm_user_name\" class=\"swpm-label\">Benutzername oder E-Mail-Adresse<\/label>\n            <\/div>\n            <div class=\"swpm-username-input\">\n                <input type=\"text\" class=\"swpm-text-field swpm-username-field\" id=\"swpm_user_name\" value size=\"25\" name=\"swpm_user_name\">\n            <\/div>\n            <div class=\"swpm-password-label\">\n                <label for=\"swpm_password\" class=\"swpm-label\">Passwort<\/label>\n            <\/div>\n            <div class=\"swpm-password-input\">                \n                <input type=\"password\" class=\"swpm-text-field swpm-password-field\" id=\"swpm_password\" value size=\"25\" name=\"swpm_password\">                \n            <\/div>\n                        <div class=\"swpm-remember-me\">\n                <span class=\"swpm-remember-checkbox\"><input type=\"checkbox\" name=\"rememberme\" id=\"swpm-rememberme\"><\/span>\n                <label for=\"swpm-rememberme\" class=\"swpm-rememberme-label\">\n                    <span class=\"swpm-rember-label\"> Angemeldet bleiben<\/span>\n                <\/label>\n            <\/div>\n\n            <div class=\"swpm-before-login-submit-section\"><\/div>\n\n            <div class=\"swpm-login-submit\">\n                <input type=\"submit\" class=\"swpm-login-form-submit\" name=\"swpm-login\" value=\"Anmelden\">\n            <\/div>\n            <div class=\"swpm-forgot-pass-link\">\n                <a id=\"forgot_pass\" class=\"swpm-login-form-pw-reset-link\" href=\"https:\/\/www.mist5.de\/mist5wp\/membership-login\/password-reset\/\">Haben Sie Ihr Passwort vergessen?<\/a>\n            <\/div>\n                        <div class=\"swpm-join-us-link\">\n                <a id=\"register\" class=\"swpm-login-form-register-link\" href=\"https:\/\/www.mist5.de\/mist5wp\/mist5_registrierung\/\">Werden Sie Mitglied bei&nbsp;uns<\/a>\n            <\/div>\n                        <div class=\"swpm-login-action-msg\">\n                <span class=\"swpm-login-widget-action-msg\"><\/span>\n            <\/div>\n        <\/div>\n    <\/form>\n\n    <\/div>\n\n\n\n\n<div style=\"height:57px\" aria-hidden=\"true\" class=\"wp-block-spacer\"><\/div>\n\n\n\n<pre class=\"wp-block-verse has-base-3-color has-contrast-background-color has-text-color has-background\"><sub>Hinweis: <\/sub>\n<sub>Eine Registrierung f\u00fcr diesen Zugang ist nur \u00fcber den direkten Kontakt mit MIST5 m\u00f6glich. <\/sub><\/pre>\n\n\n\n<p class=\"has-text-align-center has-small-font-size\"><a href=\"mailto:oliver.schlauch@t-online.de?subject=Ich%20m\u00f6chte%20einen%20MIST%205%20Zugang%20f\u00fcr%20den%20internen%20Bereich.\">Hier kli\u00adcken, um eine Registrierungsanfrage an MIST5 per Email zu sen\u00adden<\/a><a href=\"mailto:oliver.schlauch@t-online.de?subject=Ich%20m\u00f6chte%20einen%20MIST%205%20Zugang%20f\u00fcr%20den%20internen%20Bereich.!\">.<\/a><\/p>\n\n\n\n<div style=\"height:51px\" aria-hidden=\"true\" class=\"wp-block-spacer\"><\/div>\n","protected":false},"excerpt":{"rendered":"<p>F\u00fcr den Zugriff auf den inter\u00adnen MIST5-Bereich bit\u00adte anmel\u00adden. Hinweis: Eine Registrierung f\u00fcr die\u00adsen Zugang ist nur \u00fcber den direk\u00adten Kontakt mit MIST5 m\u00f6g\u00adlich. Hier kli\u00adcken, um eine Registrierungsanfrage an \u2026 <a title=\"Intern\" class=\"read-more\" href=\"https:\/\/www.mist5.de\/mist5wp\/intern\/\" aria-label=\"Mehr Informationen \u00fcber Intern\">Weiterlesen<\/a><\/p>\n","protected":false},"author":6,"featured_media":0,"parent":0,"menu_order":0,"comment_status":"closed","ping_status":"closed","template":"","meta":{"wp_typography_post_enhancements_disabled":false,"_EventAllDay":false,"_EventTimezone":"","_EventStartDate":"","_EventEndDate":"","_EventStartDateUTC":"","_EventEndDateUTC":"","_EventShowMap":false,"_EventShowMapLink":false,"_EventURL":"","_EventCost":"","_EventCostDescription":"","_EventCurrencySymbol":"","_EventCurrencyCode":"","_EventCurrencyPosition":"","_EventDateTimeSeparator":"","_EventTimeRangeSeparator":"","_EventOrganizerID":[],"_EventVenueID":[],"_OrganizerEmail":"","_OrganizerPhone":"","_OrganizerWebsite":"","_VenueAddress":"","_VenueCity":"","_VenueCountry":"","_VenueProvince":"","_VenueState":"","_VenueZip":"","_VenuePhone":"","_VenueURL":"","_VenueStateProvince":"","_VenueLat":"","_VenueLng":"","_VenueShowMap":false,"_VenueShowMapLink":false,"footnotes":""},"class_list":["post-313","page","type-page","status-publish"],"_links":{"self":[{"href":"https:\/\/www.mist5.de\/mist5wp\/wp-json\/wp\/v2\/pages\/313","targetHints":{"allow":["GET"]}}],"collection":[{"href":"https:\/\/www.mist5.de\/mist5wp\/wp-json\/wp\/v2\/pages"}],"about":[{"href":"https:\/\/www.mist5.de\/mist5wp\/wp-json\/wp\/v2\/types\/page"}],"author":[{"embeddable":true,"href":"https:\/\/www.mist5.de\/mist5wp\/wp-json\/wp\/v2\/users\/6"}],"replies":[{"embeddable":true,"href":"https:\/\/www.mist5.de\/mist5wp\/wp-json\/wp\/v2\/comments?post=313"}],"version-history":[{"count":0,"href":"https:\/\/www.mist5.de\/mist5wp\/wp-json\/wp\/v2\/pages\/313\/revisions"}],"wp:attachment":[{"href":"https:\/\/www.mist5.de\/mist5wp\/wp-json\/wp\/v2\/media?parent=313"}],"curies":[{"name":"wp","href":"https:\/\/api.w.org\/{rel}","templated":true}]}}